{"id":6233,"date":"2023-02-07T09:59:03","date_gmt":"2023-02-07T08:59:03","guid":{"rendered":"https:\/\/point-f.ch\/politique-de-confidentialite\/"},"modified":"2025-11-12T12:16:12","modified_gmt":"2025-11-12T11:16:12","slug":"privacy-policy","status":"publish","type":"page","link":"https:\/\/point-f.ch\/en\/privacy-policy\/","title":{"rendered":"Privacy Policy"},"content":{"rendered":"\t\t<div data-elementor-type=\"wp-page\" data-elementor-id=\"6233\" class=\"elementor elementor-6233 elementor-3\" data-elementor-post-type=\"page\">\n\t\t\t\t<div class=\"has_ae_slider elementor-element elementor-element-12405f41 e-flex e-con-boxed ae-bg-gallery-type-default e-con e-parent\" data-id=\"12405f41\" data-element_type=\"container\" data-e-type=\"container\">\n\t\t\t\t\t<div class=\"e-con-inner\">\n\t\t<div class=\"has_ae_slider elementor-element elementor-element-269fd393 e-con-full e-flex ae-bg-gallery-type-default e-con e-child\" data-id=\"269fd393\" data-element_type=\"container\" data-e-type=\"container\">\n\t\t\t\t<div class=\"elementor-element elementor-element-411d2596 elementor-widget elementor-widget-heading\" data-id=\"411d2596\" data-element_type=\"widget\" data-e-type=\"widget\" data-widget_type=\"heading.default\">\n\t\t\t\t<div class=\"elementor-widget-container\">\n\t\t\t\t\t<h2 class=\"elementor-heading-title elementor-size-default\">point f<\/h2>\t\t\t\t<\/div>\n\t\t\t\t<\/div>\n\t\t\t\t<div class=\"elementor-element elementor-element-6543851f elementor-widget elementor-widget-heading\" data-id=\"6543851f\" data-element_type=\"widget\" data-e-type=\"widget\" data-widget_type=\"heading.default\">\n\t\t\t\t<div class=\"elementor-widget-container\">\n\t\t\t\t\t<h1 class=\"elementor-heading-title elementor-size-default\">Privacy Policy<\/h1>\t\t\t\t<\/div>\n\t\t\t\t<\/div>\n\t\t\t\t<div class=\"elementor-element elementor-element-16eab230 elementor-widget elementor-widget-text-editor\" data-id=\"16eab230\" data-element_type=\"widget\" data-e-type=\"widget\" data-widget_type=\"text-editor.default\">\n\t\t\t\t<div class=\"elementor-widget-container\">\n\t\t\t\t\t\t\t\t\t<p>Point f Centre m\u00e9dical de la Femme SA, with headquarters in Rue Hans-Geiler 6, 1700 Fribourg, has adopted a strict privacy policy because we take your privacy very seriously and treat your personal information with care. <br>The point-f.ch website is owned by point f centre m\u00e9dical de la Femme SA. <br><br>This privacy policy, which relates to the website www.point-f.ch, explains how we treat the information we collect from our site.<\/p>\t\t\t\t\t\t\t\t<\/div>\n\t\t\t\t<\/div>\n\t\t\t\t<div class=\"elementor-element elementor-element-67a3eaec elementor-widget__width-initial elementor-absolute elementor-widget elementor-widget-spacer\" data-id=\"67a3eaec\" data-element_type=\"widget\" data-e-type=\"widget\" data-settings=\"{&quot;_position&quot;:&quot;absolute&quot;}\" data-widget_type=\"spacer.default\">\n\t\t\t\t<div class=\"elementor-widget-container\">\n\t\t\t\t\t\t\t<div class=\"elementor-spacer\">\n\t\t\t<div class=\"elementor-spacer-inner\"><\/div>\n\t\t<\/div>\n\t\t\t\t\t\t<\/div>\n\t\t\t\t<\/div>\n\t\t\t\t<\/div>\n\t\t<div class=\"has_ae_slider elementor-element elementor-element-4d575720 e-con-full e-flex ae-bg-gallery-type-default e-con e-child\" data-id=\"4d575720\" data-element_type=\"container\" data-e-type=\"container\" data-settings=\"{&quot;background_motion_fx_scale_effect&quot;:&quot;yes&quot;,&quot;background_motion_fx_scale_range&quot;:{&quot;unit&quot;:&quot;%&quot;,&quot;size&quot;:&quot;&quot;,&quot;sizes&quot;:{&quot;start&quot;:50,&quot;end&quot;:100}},&quot;background_motion_fx_scale_speed&quot;:{&quot;unit&quot;:&quot;px&quot;,&quot;size&quot;:2,&quot;sizes&quot;:[]},&quot;background_motion_fx_scale_direction&quot;:&quot;out-in&quot;,&quot;background_motion_fx_devices&quot;:[&quot;widescreen&quot;,&quot;desktop&quot;,&quot;laptop&quot;,&quot;tablet_extra&quot;,&quot;tablet&quot;,&quot;mobile_extra&quot;,&quot;mobile&quot;]}\">\n\t\t\t\t<div class=\"elementor-element elementor-element-6c320d83 elementor-widget elementor-widget-image\" data-id=\"6c320d83\" data-element_type=\"widget\" data-e-type=\"widget\" data-settings=\"{&quot;motion_fx_motion_fx_scrolling&quot;:&quot;yes&quot;,&quot;motion_fx_scale_effect&quot;:&quot;yes&quot;,&quot;motion_fx_scale_direction&quot;:&quot;in-out&quot;,&quot;motion_fx_scale_speed&quot;:{&quot;unit&quot;:&quot;px&quot;,&quot;size&quot;:-4,&quot;sizes&quot;:[]},&quot;motion_fx_scale_range&quot;:{&quot;unit&quot;:&quot;%&quot;,&quot;size&quot;:&quot;&quot;,&quot;sizes&quot;:{&quot;start&quot;:20,&quot;end&quot;:80}},&quot;motion_fx_devices&quot;:[&quot;widescreen&quot;,&quot;desktop&quot;,&quot;laptop&quot;,&quot;tablet_extra&quot;,&quot;tablet&quot;,&quot;mobile_extra&quot;,&quot;mobile&quot;]}\" data-widget_type=\"image.default\">\n\t\t\t\t<div class=\"elementor-widget-container\">\n\t\t\t\t\t\t\t\t\t\t\t\t\t\t\t<img fetchpriority=\"high\" decoding=\"async\" width=\"768\" height=\"1024\" src=\"https:\/\/point-f.ch\/wp-content\/uploads\/2025\/08\/cartoes-de-visita-cubal-scaled-1-768x1024.jpg\" class=\"attachment-large size-large wp-image-4465\" alt=\"Centre point f - Fribourg\" srcset=\"https:\/\/point-f.ch\/wp-content\/uploads\/2025\/08\/cartoes-de-visita-cubal-scaled-1-768x1024.jpg 768w, https:\/\/point-f.ch\/wp-content\/uploads\/2025\/08\/cartoes-de-visita-cubal-scaled-1-225x300.jpg 225w, https:\/\/point-f.ch\/wp-content\/uploads\/2025\/08\/cartoes-de-visita-cubal-scaled-1-1152x1536.jpg 1152w, https:\/\/point-f.ch\/wp-content\/uploads\/2025\/08\/cartoes-de-visita-cubal-scaled-1-1536x2048.jpg 1536w, https:\/\/point-f.ch\/wp-content\/uploads\/2025\/08\/cartoes-de-visita-cubal-scaled-1.jpg 1920w\" sizes=\"(max-width: 768px) 100vw, 768px\" \/>\t\t\t\t\t\t\t\t\t\t\t\t\t\t\t<\/div>\n\t\t\t\t<\/div>\n\t\t\t\t<\/div>\n\t\t\t\t\t<\/div>\n\t\t\t\t<\/div>\n\t\t\t\t<section class=\"has_ae_slider elementor-section elementor-top-section elementor-element elementor-element-d3e95c6 elementor-section-boxed elementor-section-height-default elementor-section-height-default ae-bg-gallery-type-default\" data-id=\"d3e95c6\" data-element_type=\"section\" data-e-type=\"section\">\n\t\t\t\t\t\t<div class=\"elementor-container elementor-column-gap-default\">\n\t\t\t\t\t<div class=\"has_ae_slider elementor-column elementor-col-100 elementor-top-column elementor-element elementor-element-c2ad862 ae-bg-gallery-type-default\" data-id=\"c2ad862\" data-element_type=\"column\" data-e-type=\"column\">\n\t\t\t<div class=\"elementor-widget-wrap elementor-element-populated\">\n\t\t\t\t\t\t<div class=\"elementor-element elementor-element-18fdc08 elementor-widget elementor-widget-text-editor\" data-id=\"18fdc08\" data-element_type=\"widget\" data-e-type=\"widget\" data-widget_type=\"text-editor.default\">\n\t\t\t\t<div class=\"elementor-widget-container\">\n\t\t\t\t\t\t\t\t\t<p>This privacy policy complies with the European GDPR legislation on the processing and protection of personal data and the Federal Data Protection Act (LDP) and applies to all personal data obtained through the point f.ch website or from any other source than point f centre m\u00e9dical de la Femme. You should be aware that point f centre m\u00e9dical de la Femme SA is not responsible for the privacy policies of other sites and sources. Point f centre m\u00e9dical de la Femme SA respects the privacy of all users of its site and ensures that any personal information you provide is treated as confidential.  <\/p><p><strong><br>Cookies<\/strong><\/p><p>The point-f.ch website uses cookies to provide you with the best possible service and to store information about its users\u2019 visits. This data can be deleted at any time in your browser. You can also choose to browse the site by deactivating your browser\u2019s cookie function or by consulting the site in private browsing. Some features may no longer be active if you visit this website without allowing cookies.   <\/p><p>When you register for any of our services, we ask you to provide personal information. We may ask you for the following personal data: name, first name, telephone number, address and e-mail address.<br>This data will never be combined with other personal data about you from any source or passed on to third parties.  <br><br><\/p><p><strong>Use of the collected information<\/strong><\/p><p>Your personal data is processed internally for the following purposes:<\/p><ol><li>The use of our services.<\/li><li>Communication<\/li><\/ol><p>The use of forms makes it necessary to process personal data. The processing of personal data always takes place in compliance with the legal requirements for data protection (DSG). With this data protection declaration we would like to inform you that we comply fully with the Federal Data Protection Act (DSG). In order to give users the opportunity to contact our staff directly, the point-f.ch website has several contact forms. In these forms, the following personal data is required: surname, first name, date of birth, telephone number and email address of the user. These data enable our staff to process the requests and to answer the persons. The data is stored on secure servers of point f centre m\u00e9dical de la Femme.      <\/p><p><strong> <\/strong><\/p><p><strong>Disclosure to third parties<\/strong><\/p><p>We may pass the information you provide to us to third parties only if it is necessary to achieve the purposes described above. In some cases, information may be shared internally, our employees are required to respect the confidentiality of your personal data. <\/p><p>Point f Medical Center for Women Ltd. never passes on personal data to other parties with whom we have not concluded a processing agreement. Should this be the case, the necessary arrangements will be made with these parties to ensure the security of your personal data. <\/p><p>In addition, point f centre m\u00e9dical de la Femme will not pass on the information you provide to third parties unless legally required and permitted to do so. We may also share personal data with third parties if you give us written permission. You have the right to withdraw this consent at any time. We do not provide personal data to parties outside the EU.   <\/p><p><strong> <\/strong><\/p><p><strong>Protection of information<\/strong><\/p><p>Point f Women\u2019s Medical Centre does not retain personal data longer than is necessary for the purposes for which it was provided or required by law. You have the right to access, correct or delete your personal data at secretariat@point-f.ch. To verify your identity, we ask you to send a copy of your identity document.  <\/p><p>You may object to the processing of your personal data (or any part of it) by us or by one of our subcontractors and request that we transfer this data to you directly or to a third party of your choice. To respond to this type of request we will ask you to identify yourself. <\/p><p>Point f centre m\u00e9dical de la Femme strives to protect your personal data as much as possible by applying technical and organizational measures, of which the following are some examples:<\/p><ul><li>All persons who may encounter your data on behalf of point f centre m\u00e9dical de la Femme are required to maintain its confidentiality.<\/li><li>We use a username and password policy on all our systems.<\/li><li>Personal data is safeguarded for recovery from physical or technical incidents.<\/li><li>Our employees have been briefed on the importance of protecting personal data.<\/li><\/ul><p>We are committed to maintaining a high level of privacy by incorporating the latest technological innovations to ensure the confidentiality of your transactions. However, as no mechanism offers maximum security, there is always a degree of risk involved when using the Internet to transmit personal information. <br><br><\/p><p><strong>Right of correction and deletion<\/strong><\/p><p>As provided for in the privacy legislation, you can always change\/delete your data free of charge. Simply contact us at secretariat@point-f.ch. To enable us to verify your identity, we ask you to send a copy of your identity card.  <\/p><p><strong> <\/strong><\/p><p><strong>Content of the website<\/strong><\/p><p>The content of the point-f.ch website is for information purposes only and does not replace a consultation. Only a professional opinion is valid. We take great care in the production and checking of the information published. However, we accept no liability for the completeness or suitability for a particular purpose. The use of the content provided is the sole responsibility of the user. Responsibility for the content of linked pages or brochures lies exclusively with the respective operators.     <\/p><p>The content is protected by copyright. point-f.ch permits the viewing and downloading of all content on its Internet pages for private, non-commercial purposes only. <\/p><p>When reproducing the content, the point-f.ch copyright and intellectual property rights must be respected. Furthermore, these rights must be explicitly indicated by means of an appropriate note. The contents may not be modified or used on other websites or computers without the copyright notice.  <\/p><p><strong> <\/strong><\/p><p><strong>Images and illustrations<\/strong><\/p><p>The images and illustrations on our website are all covered by a worldwide copyright. These images and illustrations are the legal property of us, elements.envato.com\/pt-br\/ and shutterstock.com and may not be copied and\/or printed without their prior consent.<br>Any infringement of these provisions will result in the immediate destruction of all printed or downloaded content. We reserve the right to claim damages.  <\/p><p><strong> <\/strong><\/p><p><strong>Other third party services and content<\/strong><\/p><p>Our website may include third-party content such as YouTube videos, Google Maps, Slideshare presentations, social media sharing buttons or other elements.<br>This means that the providers of such content may record your IP address or other details. For example, if you are logged into your Google Account, access to a page containing a YouTube video may be attributed to your account.  <\/p><p><strong><br>Questions and comments<\/strong><\/p><p>We regularly review our compliance with this privacy policy. If you have any questions about this, please contact us at secretariat@point-f.ch.  <\/p>\t\t\t\t\t\t\t\t<\/div>\n\t\t\t\t<\/div>\n\t\t\t\t\t<\/div>\n\t\t<\/div>\n\t\t\t\t\t<\/div>\n\t\t<\/section>\n\t\t\t\t<\/div>\n\t\t","protected":false},"excerpt":{"rendered":"<p>point f Privacy Policy Point f Centre m\u00e9dical de la Femme SA, with headquarters in Rue Hans-Geiler 6, 1700 Fribourg, has adopted a strict privacy policy because we take your privacy very seriously and treat your personal information with care. The point-f.ch website is owned by point f centre m\u00e9dical de la Femme SA. This [&hellip;]<\/p>\n","protected":false},"author":4,"featured_media":0,"parent":0,"menu_order":0,"comment_status":"closed","ping_status":"open","template":"","meta":{"_acf_changed":false,"_uag_custom_page_level_css":"","_monsterinsights_skip_tracking":false,"_monsterinsights_sitenote_active":false,"_monsterinsights_sitenote_note":"","_monsterinsights_sitenote_category":0,"footnotes":""},"class_list":["post-6233","page","type-page","status-publish","hentry"],"acf":[],"yoast_head":"<!-- This site is optimized with the Yoast SEO plugin v27.3 - https:\/\/yoast.com\/product\/yoast-seo-wordpress\/ -->\n<title>Privacy Policy | point f<\/title>\n<meta name=\"robots\" content=\"index, follow, max-snippet:-1, max-image-preview:large, max-video-preview:-1\" \/>\n<link rel=\"canonical\" href=\"https:\/\/point-f.ch\/en\/privacy-policy\/\" \/>\n<meta property=\"og:locale\" content=\"en_US\" \/>\n<meta property=\"og:type\" content=\"article\" \/>\n<meta property=\"og:title\" content=\"Privacy Policy | point f\" \/>\n<meta property=\"og:description\" content=\"point f Privacy Policy Point f Centre m\u00e9dical de la Femme SA, with headquarters in Rue Hans-Geiler 6, 1700 Fribourg, has adopted a strict privacy policy because we take your privacy very seriously and treat your personal information with care. The point-f.ch website is owned by point f centre m\u00e9dical de la Femme SA. This [&hellip;]\" \/>\n<meta property=\"og:url\" content=\"https:\/\/point-f.ch\/en\/privacy-policy\/\" \/>\n<meta property=\"og:site_name\" content=\"point f\" \/>\n<meta property=\"article:publisher\" content=\"https:\/\/www.facebook.com\/profile.php?id=100090476978041\" \/>\n<meta property=\"article:modified_time\" content=\"2025-11-12T11:16:12+00:00\" \/>\n<meta property=\"og:image\" content=\"https:\/\/point-f.ch\/wp-content\/uploads\/2025\/08\/cartoes-de-visita-cubal-scaled-1.jpg\" \/>\n\t<meta property=\"og:image:width\" content=\"1920\" \/>\n\t<meta property=\"og:image:height\" content=\"2560\" \/>\n\t<meta property=\"og:image:type\" content=\"image\/jpeg\" \/>\n<meta name=\"twitter:card\" content=\"summary_large_image\" \/>\n<meta name=\"twitter:label1\" content=\"Est. reading time\" \/>\n\t<meta name=\"twitter:data1\" content=\"7 minutes\" \/>\n<script type=\"application\/ld+json\" class=\"yoast-schema-graph\">{\"@context\":\"https:\\\/\\\/schema.org\",\"@graph\":[{\"@type\":\"WebPage\",\"@id\":\"https:\\\/\\\/point-f.ch\\\/en\\\/privacy-policy\\\/\",\"url\":\"https:\\\/\\\/point-f.ch\\\/en\\\/privacy-policy\\\/\",\"name\":\"Privacy Policy | point f\",\"isPartOf\":{\"@id\":\"https:\\\/\\\/point-f.ch\\\/en\\\/#website\"},\"primaryImageOfPage\":{\"@id\":\"https:\\\/\\\/point-f.ch\\\/en\\\/privacy-policy\\\/#primaryimage\"},\"image\":{\"@id\":\"https:\\\/\\\/point-f.ch\\\/en\\\/privacy-policy\\\/#primaryimage\"},\"thumbnailUrl\":\"https:\\\/\\\/point-f.ch\\\/wp-content\\\/uploads\\\/2025\\\/08\\\/cartoes-de-visita-cubal-scaled-1-768x1024.jpg\",\"datePublished\":\"2023-02-07T08:59:03+00:00\",\"dateModified\":\"2025-11-12T11:16:12+00:00\",\"breadcrumb\":{\"@id\":\"https:\\\/\\\/point-f.ch\\\/en\\\/privacy-policy\\\/#breadcrumb\"},\"inLanguage\":\"en-US\",\"potentialAction\":[{\"@type\":\"ReadAction\",\"target\":[\"https:\\\/\\\/point-f.ch\\\/en\\\/privacy-policy\\\/\"]}]},{\"@type\":\"ImageObject\",\"inLanguage\":\"en-US\",\"@id\":\"https:\\\/\\\/point-f.ch\\\/en\\\/privacy-policy\\\/#primaryimage\",\"url\":\"https:\\\/\\\/point-f.ch\\\/wp-content\\\/uploads\\\/2025\\\/08\\\/cartoes-de-visita-cubal-scaled-1-768x1024.jpg\",\"contentUrl\":\"https:\\\/\\\/point-f.ch\\\/wp-content\\\/uploads\\\/2025\\\/08\\\/cartoes-de-visita-cubal-scaled-1-768x1024.jpg\"},{\"@type\":\"BreadcrumbList\",\"@id\":\"https:\\\/\\\/point-f.ch\\\/en\\\/privacy-policy\\\/#breadcrumb\",\"itemListElement\":[{\"@type\":\"ListItem\",\"position\":1,\"name\":\"In\u00edcio\",\"item\":\"https:\\\/\\\/point-f.ch\\\/en\\\/\"},{\"@type\":\"ListItem\",\"position\":2,\"name\":\"Privacy Policy\"}]},{\"@type\":\"WebSite\",\"@id\":\"https:\\\/\\\/point-f.ch\\\/en\\\/#website\",\"url\":\"https:\\\/\\\/point-f.ch\\\/en\\\/\",\"name\":\"Centre m\u00e9dical de la femme - point f - Fribourg\",\"description\":\"Centre m\u00e9dical de la femme - point f - Fribourg\",\"publisher\":{\"@id\":\"https:\\\/\\\/point-f.ch\\\/en\\\/#organization\"},\"alternateName\":\"Centre m\u00e9dical de la femme - point f - Fribourg\",\"potentialAction\":[{\"@type\":\"SearchAction\",\"target\":{\"@type\":\"EntryPoint\",\"urlTemplate\":\"https:\\\/\\\/point-f.ch\\\/en\\\/?s={search_term_string}\"},\"query-input\":{\"@type\":\"PropertyValueSpecification\",\"valueRequired\":true,\"valueName\":\"search_term_string\"}}],\"inLanguage\":\"en-US\"},{\"@type\":\"Organization\",\"@id\":\"https:\\\/\\\/point-f.ch\\\/en\\\/#organization\",\"name\":\"Centre m\u00e9dical de la femme - point f - Fribourg\",\"alternateName\":\"point f - Centre m\u00e9dical de la femme - Fribourg\",\"url\":\"https:\\\/\\\/point-f.ch\\\/en\\\/\",\"logo\":{\"@type\":\"ImageObject\",\"inLanguage\":\"en-US\",\"@id\":\"https:\\\/\\\/point-f.ch\\\/en\\\/#\\\/schema\\\/logo\\\/image\\\/\",\"url\":\"https:\\\/\\\/point-f.ch\\\/wp-content\\\/uploads\\\/2023\\\/02\\\/favicon.png\",\"contentUrl\":\"https:\\\/\\\/point-f.ch\\\/wp-content\\\/uploads\\\/2023\\\/02\\\/favicon.png\",\"width\":512,\"height\":512,\"caption\":\"Centre m\u00e9dical de la femme - point f - Fribourg\"},\"image\":{\"@id\":\"https:\\\/\\\/point-f.ch\\\/en\\\/#\\\/schema\\\/logo\\\/image\\\/\"},\"sameAs\":[\"https:\\\/\\\/www.facebook.com\\\/profile.php?id=100090476978041\",\"https:\\\/\\\/www.instagram.com\\\/point_f_fribourg\\\/\",\"https:\\\/\\\/www.linkedin.com\\\/company\\\/point-f-centre-m\u00e9dical-de-la-femme\\\/about\\\/?viewAsMember=true\"]}]}<\/script>\n<!-- \/ Yoast SEO plugin. -->","yoast_head_json":{"title":"Privacy Policy | point f","robots":{"index":"index","follow":"follow","max-snippet":"max-snippet:-1","max-image-preview":"max-image-preview:large","max-video-preview":"max-video-preview:-1"},"canonical":"https:\/\/point-f.ch\/en\/privacy-policy\/","og_locale":"en_US","og_type":"article","og_title":"Privacy Policy | point f","og_description":"point f Privacy Policy Point f Centre m\u00e9dical de la Femme SA, with headquarters in Rue Hans-Geiler 6, 1700 Fribourg, has adopted a strict privacy policy because we take your privacy very seriously and treat your personal information with care. The point-f.ch website is owned by point f centre m\u00e9dical de la Femme SA. This [&hellip;]","og_url":"https:\/\/point-f.ch\/en\/privacy-policy\/","og_site_name":"point f","article_publisher":"https:\/\/www.facebook.com\/profile.php?id=100090476978041","article_modified_time":"2025-11-12T11:16:12+00:00","og_image":[{"width":1920,"height":2560,"url":"https:\/\/point-f.ch\/wp-content\/uploads\/2025\/08\/cartoes-de-visita-cubal-scaled-1.jpg","type":"image\/jpeg"}],"twitter_card":"summary_large_image","twitter_misc":{"Est. reading time":"7 minutes"},"schema":{"@context":"https:\/\/schema.org","@graph":[{"@type":"WebPage","@id":"https:\/\/point-f.ch\/en\/privacy-policy\/","url":"https:\/\/point-f.ch\/en\/privacy-policy\/","name":"Privacy Policy | point f","isPartOf":{"@id":"https:\/\/point-f.ch\/en\/#website"},"primaryImageOfPage":{"@id":"https:\/\/point-f.ch\/en\/privacy-policy\/#primaryimage"},"image":{"@id":"https:\/\/point-f.ch\/en\/privacy-policy\/#primaryimage"},"thumbnailUrl":"https:\/\/point-f.ch\/wp-content\/uploads\/2025\/08\/cartoes-de-visita-cubal-scaled-1-768x1024.jpg","datePublished":"2023-02-07T08:59:03+00:00","dateModified":"2025-11-12T11:16:12+00:00","breadcrumb":{"@id":"https:\/\/point-f.ch\/en\/privacy-policy\/#breadcrumb"},"inLanguage":"en-US","potentialAction":[{"@type":"ReadAction","target":["https:\/\/point-f.ch\/en\/privacy-policy\/"]}]},{"@type":"ImageObject","inLanguage":"en-US","@id":"https:\/\/point-f.ch\/en\/privacy-policy\/#primaryimage","url":"https:\/\/point-f.ch\/wp-content\/uploads\/2025\/08\/cartoes-de-visita-cubal-scaled-1-768x1024.jpg","contentUrl":"https:\/\/point-f.ch\/wp-content\/uploads\/2025\/08\/cartoes-de-visita-cubal-scaled-1-768x1024.jpg"},{"@type":"BreadcrumbList","@id":"https:\/\/point-f.ch\/en\/privacy-policy\/#breadcrumb","itemListElement":[{"@type":"ListItem","position":1,"name":"In\u00edcio","item":"https:\/\/point-f.ch\/en\/"},{"@type":"ListItem","position":2,"name":"Privacy Policy"}]},{"@type":"WebSite","@id":"https:\/\/point-f.ch\/en\/#website","url":"https:\/\/point-f.ch\/en\/","name":"Centre m\u00e9dical de la femme - point f - Fribourg","description":"Centre m\u00e9dical de la femme - point f - Fribourg","publisher":{"@id":"https:\/\/point-f.ch\/en\/#organization"},"alternateName":"Centre m\u00e9dical de la femme - point f - Fribourg","potentialAction":[{"@type":"SearchAction","target":{"@type":"EntryPoint","urlTemplate":"https:\/\/point-f.ch\/en\/?s={search_term_string}"},"query-input":{"@type":"PropertyValueSpecification","valueRequired":true,"valueName":"search_term_string"}}],"inLanguage":"en-US"},{"@type":"Organization","@id":"https:\/\/point-f.ch\/en\/#organization","name":"Centre m\u00e9dical de la femme - point f - Fribourg","alternateName":"point f - Centre m\u00e9dical de la femme - Fribourg","url":"https:\/\/point-f.ch\/en\/","logo":{"@type":"ImageObject","inLanguage":"en-US","@id":"https:\/\/point-f.ch\/en\/#\/schema\/logo\/image\/","url":"https:\/\/point-f.ch\/wp-content\/uploads\/2023\/02\/favicon.png","contentUrl":"https:\/\/point-f.ch\/wp-content\/uploads\/2023\/02\/favicon.png","width":512,"height":512,"caption":"Centre m\u00e9dical de la femme - point f - Fribourg"},"image":{"@id":"https:\/\/point-f.ch\/en\/#\/schema\/logo\/image\/"},"sameAs":["https:\/\/www.facebook.com\/profile.php?id=100090476978041","https:\/\/www.instagram.com\/point_f_fribourg\/","https:\/\/www.linkedin.com\/company\/point-f-centre-m\u00e9dical-de-la-femme\/about\/?viewAsMember=true"]}]}},"uagb_featured_image_src":{"full":false,"thumbnail":false,"medium":false,"medium_large":false,"large":false,"1536x1536":false,"2048x2048":false},"uagb_author_info":{"display_name":"Carole","author_link":"https:\/\/point-f.ch\/en\/author\/carolectouttoi-ch\/"},"uagb_comment_info":0,"uagb_excerpt":"point f Privacy Policy Point f Centre m\u00e9dical de la Femme SA, with headquarters in Rue Hans-Geiler 6, 1700 Fribourg, has adopted a strict privacy policy because we take your privacy very seriously and treat your personal information with care. The point-f.ch website is owned by point f centre m\u00e9dical de la Femme SA. This&hellip;","_links":{"self":[{"href":"https:\/\/point-f.ch\/en\/wp-json\/wp\/v2\/pages\/6233","targetHints":{"allow":["GET"]}}],"collection":[{"href":"https:\/\/point-f.ch\/en\/wp-json\/wp\/v2\/pages"}],"about":[{"href":"https:\/\/point-f.ch\/en\/wp-json\/wp\/v2\/types\/page"}],"author":[{"embeddable":true,"href":"https:\/\/point-f.ch\/en\/wp-json\/wp\/v2\/users\/4"}],"replies":[{"embeddable":true,"href":"https:\/\/point-f.ch\/en\/wp-json\/wp\/v2\/comments?post=6233"}],"version-history":[{"count":3,"href":"https:\/\/point-f.ch\/en\/wp-json\/wp\/v2\/pages\/6233\/revisions"}],"predecessor-version":[{"id":6242,"href":"https:\/\/point-f.ch\/en\/wp-json\/wp\/v2\/pages\/6233\/revisions\/6242"}],"wp:attachment":[{"href":"https:\/\/point-f.ch\/en\/wp-json\/wp\/v2\/media?parent=6233"}],"curies":[{"name":"wp","href":"https:\/\/api.w.org\/{rel}","templated":true}]}}