{"id":6352,"date":"2023-02-09T16:10:46","date_gmt":"2023-02-09T15:10:46","guid":{"rendered":"https:\/\/point-f.ch\/registrar-consulta\/"},"modified":"2025-12-04T09:03:13","modified_gmt":"2025-12-04T08:03:13","slug":"registrar-consulta-centro-medico-mulher-friburgo","status":"publish","type":"page","link":"https:\/\/point-f.ch\/pt-pt\/registrar-consulta-centro-medico-mulher-friburgo\/","title":{"rendered":"Registrar Consulta"},"content":{"rendered":"\t\t<div data-elementor-type=\"wp-page\" data-elementor-id=\"6352\" class=\"elementor elementor-6352 elementor-151\" data-elementor-post-type=\"page\">\n\t\t\t\t<div class=\"has_ae_slider elementor-element elementor-element-502b2d6 e-flex e-con-boxed ae-bg-gallery-type-default e-con e-parent\" data-id=\"502b2d6\" data-element_type=\"container\" data-e-type=\"container\">\n\t\t\t\t\t<div class=\"e-con-inner\">\n\t\t<div class=\"has_ae_slider elementor-element elementor-element-d7510ea e-con-full e-flex ae-bg-gallery-type-default e-con e-child\" data-id=\"d7510ea\" data-element_type=\"container\" data-e-type=\"container\">\n\t\t\t\t<div class=\"elementor-element elementor-element-f7a725a elementor-widget elementor-widget-heading\" data-id=\"f7a725a\" data-element_type=\"widget\" data-e-type=\"widget\" data-widget_type=\"heading.default\">\n\t\t\t\t<div class=\"elementor-widget-container\">\n\t\t\t\t\t<h1 class=\"elementor-heading-title elementor-size-default\">Consulta<\/h1>\t\t\t\t<\/div>\n\t\t\t\t<\/div>\n\t\t\t\t<div class=\"elementor-element elementor-element-bb7c383 elementor-widget elementor-widget-heading\" data-id=\"bb7c383\" data-element_type=\"widget\" data-e-type=\"widget\" data-widget_type=\"heading.default\">\n\t\t\t\t<div class=\"elementor-widget-container\">\n\t\t\t\t\t<h2 class=\"elementor-heading-title elementor-size-default\">Marcar consulta<\/h2>\t\t\t\t<\/div>\n\t\t\t\t<\/div>\n\t\t\t\t<div class=\"elementor-element elementor-element-2903d63 elementor-align-justify elementor-tablet-align-center elementor-widget elementor-widget-button\" data-id=\"2903d63\" data-element_type=\"widget\" data-e-type=\"widget\" data-widget_type=\"button.default\">\n\t\t\t\t<div class=\"elementor-widget-container\">\n\t\t\t\t\t\t\t\t\t<div class=\"elementor-button-wrapper\">\n\t\t\t\t\t<a class=\"elementor-button elementor-button-link elementor-size-sm\" href=\"tel:0265525500\">\n\t\t\t\t\t\t<span class=\"elementor-button-content-wrapper\">\n\t\t\t\t\t\t\t\t\t<span class=\"elementor-button-text\">apenas por telefone | 026 552 55 00 <\/span>\n\t\t\t\t\t<\/span>\n\t\t\t\t\t<\/a>\n\t\t\t\t<\/div>\n\t\t\t\t\t\t\t\t<\/div>\n\t\t\t\t<\/div>\n\t\t\t\t<div class=\"elementor-element elementor-element-bc7d4fc elementor-widget elementor-widget-text-editor\" data-id=\"bc7d4fc\" data-element_type=\"widget\" data-e-type=\"widget\" data-widget_type=\"text-editor.default\">\n\t\t\t\t<div class=\"elementor-widget-container\">\n\t\t\t\t\t\t\t\t\t<p>ou<\/p>\t\t\t\t\t\t\t\t<\/div>\n\t\t\t\t<\/div>\n\t\t\t\t<div class=\"elementor-element elementor-element-4ef2b9a elementor-align-center elementor-tablet-align-center elementor-widget elementor-widget-button\" data-id=\"4ef2b9a\" data-element_type=\"widget\" data-e-type=\"widget\" data-widget_type=\"button.default\">\n\t\t\t\t<div class=\"elementor-widget-container\">\n\t\t\t\t\t\t\t\t\t<div class=\"elementor-button-wrapper\">\n\t\t\t\t\t<a class=\"elementor-button elementor-button-link elementor-size-sm\" href=\"https:\/\/www.onedoc.ch\/fr\/cabinet-medical\/fribourg\/e7w4\/point-f-centre-medical-de-la-femme\" target=\"_blank\">\n\t\t\t\t\t\t<span class=\"elementor-button-content-wrapper\">\n\t\t\t\t\t\t\t\t\t<span class=\"elementor-button-text\">no OneDoc<\/span>\n\t\t\t\t\t<\/span>\n\t\t\t\t\t<\/a>\n\t\t\t\t<\/div>\n\t\t\t\t\t\t\t\t<\/div>\n\t\t\t\t<\/div>\n\t\t\t\t<div class=\"elementor-element elementor-element-be0db45 elementor-widget__width-initial elementor-absolute elementor-widget elementor-widget-spacer\" data-id=\"be0db45\" data-element_type=\"widget\" data-e-type=\"widget\" data-settings=\"{&quot;_position&quot;:&quot;absolute&quot;}\" data-widget_type=\"spacer.default\">\n\t\t\t\t<div class=\"elementor-widget-container\">\n\t\t\t\t\t\t\t<div class=\"elementor-spacer\">\n\t\t\t<div class=\"elementor-spacer-inner\"><\/div>\n\t\t<\/div>\n\t\t\t\t\t\t<\/div>\n\t\t\t\t<\/div>\n\t\t\t\t<\/div>\n\t\t\t\t\t<\/div>\n\t\t\t\t<\/div>\n\t\t<div class=\"has_ae_slider elementor-element elementor-element-3d53667 e-flex e-con-boxed ae-bg-gallery-type-default e-con e-parent\" data-id=\"3d53667\" data-element_type=\"container\" data-e-type=\"container\">\n\t\t\t\t\t<div class=\"e-con-inner\">\n\t\t<div class=\"has_ae_slider elementor-element elementor-element-c7c2b4e e-con-full e-flex ae-bg-gallery-type-default e-con e-child\" data-id=\"c7c2b4e\" data-element_type=\"container\" data-e-type=\"container\">\n\t\t\t\t<div class=\"elementor-element elementor-element-cdfee30 elementor-widget elementor-widget-heading\" data-id=\"cdfee30\" data-element_type=\"widget\" data-e-type=\"widget\" data-widget_type=\"heading.default\">\n\t\t\t\t<div class=\"elementor-widget-container\">\n\t\t\t\t\t<h1 class=\"elementor-heading-title elementor-size-default\">Contactos<\/h1>\t\t\t\t<\/div>\n\t\t\t\t<\/div>\n\t\t\t\t<div class=\"elementor-element elementor-element-74f49bb elementor-widget elementor-widget-heading\" data-id=\"74f49bb\" data-element_type=\"widget\" data-e-type=\"widget\" data-widget_type=\"heading.default\">\n\t\t\t\t<div class=\"elementor-widget-container\">\n\t\t\t\t\t<h2 class=\"elementor-heading-title elementor-size-default\">Pedidos espec\u00edficos<\/h2>\t\t\t\t<\/div>\n\t\t\t\t<\/div>\n\t\t<div class=\"has_ae_slider elementor-element elementor-element-7088d9f e-con-full e-flex ae-bg-gallery-type-default e-con e-child\" data-id=\"7088d9f\" data-element_type=\"container\" data-e-type=\"container\">\n\t\t<div class=\"has_ae_slider elementor-element elementor-element-faffc84 e-con-full e-flex ae-bg-gallery-type-default e-con e-child\" data-id=\"faffc84\" data-element_type=\"container\" data-e-type=\"container\">\n\t\t\t\t<div class=\"elementor-element elementor-element-253a3d2 elementor-widget elementor-widget-text-editor\" data-id=\"253a3d2\" data-element_type=\"widget\" data-e-type=\"widget\" data-widget_type=\"text-editor.default\">\n\t\t\t\t<div class=\"elementor-widget-container\">\n\t\t\t\t\t\t\t\t\t<p>N\u00e3o hesite em contactar-nos para uma consulta, um aconselhamento ou um controlo.<\/p><p>A nossa equipa est\u00e1 \u00e0 sua disposi\u00e7\u00e3o com empatia, confidencialidade e profissionalismo.<\/p><p>Pode enviar-nos uma mensagem atrav\u00e9s do formul\u00e1rio de contacto, por exemplo, nos seguintes casos: <\/p><ul><li>Renova\u00e7\u00e3o de receita m\u00e9dica<\/li><li>Mudan\u00e7a de seguradora de sa\u00fade<\/li><li>Altera\u00e7\u00e3o de morada <\/li><li>Pedido de retorno de chamadaDemande de rappel t\u00e9l\u00e9phonique<\/li><li>Pedido de aconselhamento <\/li><li>Informa\u00e7\u00f5es diversas<\/li><\/ul>\t\t\t\t\t\t\t\t<\/div>\n\t\t\t\t<\/div>\n\t\t\t\t<\/div>\n\t\t<div class=\"has_ae_slider elementor-element elementor-element-ea0ec5c e-con-full e-flex ae-bg-gallery-type-default e-con e-child\" data-id=\"ea0ec5c\" data-element_type=\"container\" data-e-type=\"container\">\n\t\t\t\t<div class=\"elementor-element elementor-element-56e8107 elementor-widget elementor-widget-text-editor\" data-id=\"56e8107\" data-element_type=\"widget\" data-e-type=\"widget\" data-widget_type=\"text-editor.default\">\n\t\t\t\t<div class=\"elementor-widget-container\">\n\t\t\t\t\t\t\t\t\t<p>N\u00e3o \u00e9 poss\u00edvel efetuar marca\u00e7\u00f5es por correio eletr\u00f3nico, pelo que \u00e9 necess\u00e1rio contactar-nos por telefone para marcar uma consulta.<\/p>\t\t\t\t\t\t\t\t<\/div>\n\t\t\t\t<\/div>\n\t\t\t\t<div class=\"elementor-element elementor-element-867e02d elementor-widget elementor-widget-text-editor\" data-id=\"867e02d\" data-element_type=\"widget\" data-e-type=\"widget\" data-widget_type=\"text-editor.default\">\n\t\t\t\t<div class=\"elementor-widget-container\">\n\t\t\t\t\t\t\t\t\t<p><div class=\"frm_forms  with_frm_style frm_style_style-formidable\" id=\"frm_form_1_container\" >\n<form enctype=\"multipart\/form-data\" method=\"post\" class=\"frm-show-form \" id=\"form_contact-form-fr\" >\n<div class=\"frm_form_fields \">\n<fieldset>\n<legend class=\"frm_screen_reader\">Contactez-nous<\/legend>\r\n\r\n<div class=\"frm_fields_container\">\n<input type=\"hidden\" name=\"frm_action\" value=\"create\" \/>\n<input type=\"hidden\" name=\"form_id\" value=\"1\" \/>\n<input type=\"hidden\" name=\"frm_hide_fields_1\" id=\"frm_hide_fields_1\" value=\"\" \/>\n<input type=\"hidden\" name=\"form_key\" value=\"contact-form-fr\" \/>\n<input type=\"hidden\" name=\"item_meta[0]\" value=\"\" \/>\n<input type=\"hidden\" id=\"frm_submit_entry_1\" name=\"frm_submit_entry_1\" value=\"0ec3278fa9\" \/><input type=\"hidden\" name=\"_wp_http_referer\" value=\"\/pt-pt\/wp-json\/wp\/v2\/pages\/6352\" \/><div id=\"frm_field_1_container\" class=\"frm_form_field form-field  frm_required_field frm_top_container frm_first frm_half\">\r\n\t<label for=\"field_qh4icy\" id=\"field_qh4icy_label\" class=\"frm_primary_label\">Nom\r\n\t\t<span class=\"frm_required\" aria-hidden=\"true\">*<\/span>\r\n\t<\/label>\r\n\t<input type=\"text\" id=\"field_qh4icy\" name=\"item_meta[1]\" value=\"\"  data-reqmsg=\"Nom ne peut pas \u00eatre vide.\" aria-required=\"true\" data-invmsg=\"Nom est non valide\" aria-invalid=\"false\"  \/>\r\n\t\r\n\t\r\n<\/div>\n<div id=\"frm_field_2_container\" class=\"frm_form_field form-field  frm_required_field frm_top_container frm_half\">\r\n\t<label for=\"field_ocfup1\" id=\"field_ocfup1_label\" class=\"frm_primary_label\">Pr\u00e9nom\r\n\t\t<span class=\"frm_required\" aria-hidden=\"true\">*<\/span>\r\n\t<\/label>\r\n\t<input type=\"text\" id=\"field_ocfup1\" name=\"item_meta[2]\" value=\"\"  data-reqmsg=\"Pr\u00e9nom ne peut pas \u00eatre vide.\" aria-required=\"true\" data-invmsg=\"Pr\u00e9nom est non valide\" aria-invalid=\"false\"  \/>\r\n\t\r\n\t\r\n<\/div>\n<div id=\"frm_field_7_container\" class=\"frm_form_field form-field  frm_top_container frm6 frm_first\">\r\n\t<label for=\"field_l1asa\" id=\"field_l1asa_label\" class=\"frm_primary_label\">Date de naissance\r\n\t\t<span class=\"frm_required\" aria-hidden=\"true\"><\/span>\r\n\t<\/label>\r\n\t<input type=\"text\" id=\"field_l1asa\" name=\"item_meta[7]\" value=\"\"  data-invmsg=\"Date de naissance est non valide\" aria-invalid=\"false\"  \/>\r\n\t\r\n\t\r\n<\/div>\n<div id=\"frm_field_9_container\" class=\"frm_form_field form-field  frm_required_field frm_top_container frm6\">\r\n\t<label for=\"field_hy1qb\" id=\"field_hy1qb_label\" class=\"frm_primary_label\">Num\u00e9ro de t\u00e9l\u00e9phone\r\n\t\t<span class=\"frm_required\" aria-hidden=\"true\">*<\/span>\r\n\t<\/label>\r\n\t<input type=\"tel\" id=\"field_hy1qb\" name=\"item_meta[9]\" value=\"\"  data-reqmsg=\"Num\u00e9ro de t\u00e9l\u00e9phone ne peut pas \u00eatre vide.\" aria-required=\"true\" data-invmsg=\"Num\u00e9ro de t\u00e9l\u00e9phone est non valide\" aria-invalid=\"false\" pattern=\"((\\+\\d{1,3}(-|.| )?\\(?\\d\\)?(-| |.)?\\d{1,5})|(\\(?\\d{2,6}\\)?))(-|.| )?(\\d{3,4})(-|.| )?(\\d{4})(( x| ext)\\d{1,5}){0,1}$\"  \/>\r\n\t\r\n\t\r\n<\/div>\n<div id=\"frm_field_3_container\" class=\"frm_form_field form-field  frm_required_field frm_top_container frm_full\">\r\n\t<label for=\"field_29yf4d\" id=\"field_29yf4d_label\" class=\"frm_primary_label\">Email\r\n\t\t<span class=\"frm_required\" aria-hidden=\"true\">*<\/span>\r\n\t<\/label>\r\n\t<input type=\"email\" id=\"field_29yf4d\" name=\"item_meta[3]\" value=\"\"  data-reqmsg=\"Email ne peut pas \u00eatre vide.\" aria-required=\"true\" data-invmsg=\"Please enter a valid email address\" aria-invalid=\"false\"  \/>\r\n\t\r\n\t\r\n<\/div>\n<div id=\"frm_field_5_container\" class=\"frm_form_field form-field  frm_required_field frm_top_container frm12 frm_first\">\r\n\t<label for=\"field_9jv0r1\" id=\"field_9jv0r1_label\" class=\"frm_primary_label\">Message\r\n\t\t<span class=\"frm_required\" aria-hidden=\"true\">*<\/span>\r\n\t<\/label>\r\n\t<textarea name=\"item_meta[5]\" id=\"field_9jv0r1\" rows=\"5\"  data-reqmsg=\"Message ne peut pas \u00eatre vide.\" aria-required=\"true\" data-invmsg=\"Message is invalid\" aria-invalid=\"false\"  ><\/textarea>\r\n\t\r\n\t\r\n<\/div>\n<div id=\"frm_field_10_container\" class=\"frm_form_field form-field  frm_none_container frm12 frm_first\">\r\n\t<label for=\"g-recaptcha-response\" id=\"field_n2jza_label\" class=\"frm_primary_label\">Captcha\r\n\t\t<span class=\"frm_required\" aria-hidden=\"true\"><\/span>\r\n\t<\/label>\r\n\t<div  id=\"field_n2jza\" class=\"frm-g-recaptcha\" data-sitekey=\"6Le9_gksAAAAAGkBucKJC9OnvSCqul0NJMcdzbS5\" data-size=\"invisible\" data-theme=\"light\"><\/div>\r\n\t\r\n\t\r\n<\/div>\n<div id=\"frm_field_6_container\" class=\"frm_form_field form-field \">\r\n\t<div class=\"frm_submit frm_flex\">\r\n<button class=\"frm_button_submit\" type=\"submit\"  >Envoyer mon message<\/button>\r\n\r\n\r\n\r\n<\/div>\r\n<\/div>\n\t<input type=\"hidden\" name=\"item_key\" value=\"\" \/>\n\t\t\t<div id=\"frm_field_19_container\">\n\t\t\t<label for=\"field_7tr5k\" >\n\t\t\t\tIf you are human, leave this field blank.\t\t\t<\/label>\n\t\t\t<input  id=\"field_7tr5k\" type=\"text\" class=\"frm_form_field form-field frm_verify\" name=\"item_meta[19]\" value=\"\"  \/>\n\t\t<\/div>\n\t\t<input name=\"frm_state\" type=\"hidden\" value=\"pufK0m38z++E3GhYL88E497nyGRobfDRzpaU70ObQ3k=\" \/><\/div>\n<\/fieldset>\n<\/div>\n\n<\/form>\n<\/div>\n<\/p>\t\t\t\t\t\t\t\t<\/div>\n\t\t\t\t<\/div>\n\t\t\t\t<\/div>\n\t\t\t\t<\/div>\n\t\t\t\t<\/div>\n\t\t\t\t\t<\/div>\n\t\t\t\t<\/div>\n\t\t\t\t<\/div>\n\t\t","protected":false},"excerpt":{"rendered":"<p>Consulta Marcar consulta apenas por telefone | 026 552 55 00 ou no OneDoc Contactos Pedidos espec\u00edficos N\u00e3o hesite em contactar-nos para uma consulta, um aconselhamento ou um controlo. A nossa equipa est\u00e1 \u00e0 sua disposi\u00e7\u00e3o com empatia, confidencialidade e profissionalismo. Pode enviar-nos uma mensagem atrav\u00e9s do formul\u00e1rio de contacto, por exemplo, nos seguintes casos: [&hellip;]<\/p>\n","protected":false},"author":4,"featured_media":3401,"parent":0,"menu_order":0,"comment_status":"closed","ping_status":"closed","template":"","meta":{"_acf_changed":false,"_uag_custom_page_level_css":"","_monsterinsights_skip_tracking":false,"_monsterinsights_sitenote_active":false,"_monsterinsights_sitenote_note":"","_monsterinsights_sitenote_category":0,"footnotes":""},"class_list":["post-6352","page","type-page","status-publish","has-post-thumbnail","hentry"],"acf":[],"yoast_head":"<!-- This site is optimized with the Yoast SEO plugin v27.5 - https:\/\/yoast.com\/product\/yoast-seo-wordpress\/ -->\n<title>Marcar uma consulta no Centro M\u00e9dico da Mulher em Friburgo<\/title>\n<meta name=\"description\" content=\"O Point F em Friburgo oferece um acompanhamento completo: ginecologia, obstetr\u00edcia, senologia, terapias complementares. Marque uma consulta!\" \/>\n<meta name=\"robots\" content=\"index, follow, max-snippet:-1, max-image-preview:large, max-video-preview:-1\" \/>\n<link rel=\"canonical\" href=\"https:\/\/point-f.ch\/pt-pt\/registrar-consulta-centro-medico-mulher-friburgo\/\" \/>\n<meta property=\"og:locale\" content=\"pt_PT\" \/>\n<meta property=\"og:type\" content=\"article\" \/>\n<meta property=\"og:title\" content=\"Marcar uma consulta no Centro M\u00e9dico da Mulher em Friburgo\" \/>\n<meta property=\"og:description\" content=\"O Point F em Friburgo oferece um acompanhamento completo: ginecologia, obstetr\u00edcia, senologia, terapias complementares. Marque uma consulta!\" \/>\n<meta property=\"og:url\" content=\"https:\/\/point-f.ch\/pt-pt\/registrar-consulta-centro-medico-mulher-friburgo\/\" \/>\n<meta property=\"og:site_name\" content=\"point f\" \/>\n<meta property=\"article:publisher\" content=\"https:\/\/www.facebook.com\/profile.php?id=100090476978041\" \/>\n<meta property=\"article:modified_time\" content=\"2025-12-04T08:03:13+00:00\" \/>\n<meta property=\"og:image\" content=\"https:\/\/point-f.ch\/wp-content\/uploads\/2025\/02\/IMG_4329-002-scaled.jpg\" \/>\n\t<meta property=\"og:image:width\" content=\"1958\" \/>\n\t<meta property=\"og:image:height\" content=\"2560\" \/>\n\t<meta property=\"og:image:type\" content=\"image\/jpeg\" \/>\n<meta name=\"twitter:card\" content=\"summary_large_image\" \/>\n<meta name=\"twitter:label1\" content=\"Tempo estimado de leitura\" \/>\n\t<meta name=\"twitter:data1\" content=\"1 minuto\" \/>\n<script type=\"application\/ld+json\" class=\"yoast-schema-graph\">{\"@context\":\"https:\\\/\\\/schema.org\",\"@graph\":[{\"@type\":\"WebPage\",\"@id\":\"https:\\\/\\\/point-f.ch\\\/pt-pt\\\/registrar-consulta-centro-medico-mulher-friburgo\\\/\",\"url\":\"https:\\\/\\\/point-f.ch\\\/pt-pt\\\/registrar-consulta-centro-medico-mulher-friburgo\\\/\",\"name\":\"Marcar uma consulta no Centro M\u00e9dico da Mulher em Friburgo\",\"isPartOf\":{\"@id\":\"https:\\\/\\\/point-f.ch\\\/pt-pt\\\/#website\"},\"primaryImageOfPage\":{\"@id\":\"https:\\\/\\\/point-f.ch\\\/pt-pt\\\/registrar-consulta-centro-medico-mulher-friburgo\\\/#primaryimage\"},\"image\":{\"@id\":\"https:\\\/\\\/point-f.ch\\\/pt-pt\\\/registrar-consulta-centro-medico-mulher-friburgo\\\/#primaryimage\"},\"thumbnailUrl\":\"https:\\\/\\\/point-f.ch\\\/wp-content\\\/uploads\\\/2025\\\/02\\\/IMG_4329-002-scaled.jpg\",\"datePublished\":\"2023-02-09T15:10:46+00:00\",\"dateModified\":\"2025-12-04T08:03:13+00:00\",\"description\":\"O Point F em Friburgo oferece um acompanhamento completo: ginecologia, obstetr\u00edcia, senologia, terapias complementares. Marque uma consulta!\",\"breadcrumb\":{\"@id\":\"https:\\\/\\\/point-f.ch\\\/pt-pt\\\/registrar-consulta-centro-medico-mulher-friburgo\\\/#breadcrumb\"},\"inLanguage\":\"pt-PT\",\"potentialAction\":[{\"@type\":\"ReadAction\",\"target\":[\"https:\\\/\\\/point-f.ch\\\/pt-pt\\\/registrar-consulta-centro-medico-mulher-friburgo\\\/\"]}]},{\"@type\":\"ImageObject\",\"inLanguage\":\"pt-PT\",\"@id\":\"https:\\\/\\\/point-f.ch\\\/pt-pt\\\/registrar-consulta-centro-medico-mulher-friburgo\\\/#primaryimage\",\"url\":\"https:\\\/\\\/point-f.ch\\\/wp-content\\\/uploads\\\/2025\\\/02\\\/IMG_4329-002-scaled.jpg\",\"contentUrl\":\"https:\\\/\\\/point-f.ch\\\/wp-content\\\/uploads\\\/2025\\\/02\\\/IMG_4329-002-scaled.jpg\",\"width\":1958,\"height\":2560,\"caption\":\"Centre m\u00e9dical de la Femme \u00e0 Fribourg - point f\"},{\"@type\":\"BreadcrumbList\",\"@id\":\"https:\\\/\\\/point-f.ch\\\/pt-pt\\\/registrar-consulta-centro-medico-mulher-friburgo\\\/#breadcrumb\",\"itemListElement\":[{\"@type\":\"ListItem\",\"position\":1,\"name\":\"In\u00edcio\",\"item\":\"https:\\\/\\\/point-f.ch\\\/pt-pt\\\/\"},{\"@type\":\"ListItem\",\"position\":2,\"name\":\"Registrar Consulta\"}]},{\"@type\":\"WebSite\",\"@id\":\"https:\\\/\\\/point-f.ch\\\/pt-pt\\\/#website\",\"url\":\"https:\\\/\\\/point-f.ch\\\/pt-pt\\\/\",\"name\":\"Centre m\u00e9dical de la femme - point f - Fribourg\",\"description\":\"Centre m\u00e9dical de la femme\",\"publisher\":{\"@id\":\"https:\\\/\\\/point-f.ch\\\/pt-pt\\\/#organization\"},\"alternateName\":\"Centre m\u00e9dical de la femme - point f - Fribourg\",\"potentialAction\":[{\"@type\":\"SearchAction\",\"target\":{\"@type\":\"EntryPoint\",\"urlTemplate\":\"https:\\\/\\\/point-f.ch\\\/pt-pt\\\/?s={search_term_string}\"},\"query-input\":{\"@type\":\"PropertyValueSpecification\",\"valueRequired\":true,\"valueName\":\"search_term_string\"}}],\"inLanguage\":\"pt-PT\"},{\"@type\":\"Organization\",\"@id\":\"https:\\\/\\\/point-f.ch\\\/pt-pt\\\/#organization\",\"name\":\"Centre m\u00e9dical de la femme - point f - Fribourg\",\"alternateName\":\"point f - Centre m\u00e9dical de la femme - Fribourg\",\"url\":\"https:\\\/\\\/point-f.ch\\\/pt-pt\\\/\",\"logo\":{\"@type\":\"ImageObject\",\"inLanguage\":\"pt-PT\",\"@id\":\"https:\\\/\\\/point-f.ch\\\/pt-pt\\\/#\\\/schema\\\/logo\\\/image\\\/\",\"url\":\"https:\\\/\\\/point-f.ch\\\/wp-content\\\/uploads\\\/2023\\\/02\\\/favicon.png\",\"contentUrl\":\"https:\\\/\\\/point-f.ch\\\/wp-content\\\/uploads\\\/2023\\\/02\\\/favicon.png\",\"width\":512,\"height\":512,\"caption\":\"Centre m\u00e9dical de la femme - point f - Fribourg\"},\"image\":{\"@id\":\"https:\\\/\\\/point-f.ch\\\/pt-pt\\\/#\\\/schema\\\/logo\\\/image\\\/\"},\"sameAs\":[\"https:\\\/\\\/www.facebook.com\\\/profile.php?id=100090476978041\",\"https:\\\/\\\/www.instagram.com\\\/point_f_fribourg\\\/\",\"https:\\\/\\\/www.linkedin.com\\\/company\\\/point-f-centre-m\u00e9dical-de-la-femme\\\/about\\\/?viewAsMember=true\"]}]}<\/script>\n<!-- \/ Yoast SEO plugin. -->","yoast_head_json":{"title":"Marcar uma consulta no Centro M\u00e9dico da Mulher em Friburgo","description":"O Point F em Friburgo oferece um acompanhamento completo: ginecologia, obstetr\u00edcia, senologia, terapias complementares. Marque uma consulta!","robots":{"index":"index","follow":"follow","max-snippet":"max-snippet:-1","max-image-preview":"max-image-preview:large","max-video-preview":"max-video-preview:-1"},"canonical":"https:\/\/point-f.ch\/pt-pt\/registrar-consulta-centro-medico-mulher-friburgo\/","og_locale":"pt_PT","og_type":"article","og_title":"Marcar uma consulta no Centro M\u00e9dico da Mulher em Friburgo","og_description":"O Point F em Friburgo oferece um acompanhamento completo: ginecologia, obstetr\u00edcia, senologia, terapias complementares. Marque uma consulta!","og_url":"https:\/\/point-f.ch\/pt-pt\/registrar-consulta-centro-medico-mulher-friburgo\/","og_site_name":"point f","article_publisher":"https:\/\/www.facebook.com\/profile.php?id=100090476978041","article_modified_time":"2025-12-04T08:03:13+00:00","og_image":[{"width":1958,"height":2560,"url":"https:\/\/point-f.ch\/wp-content\/uploads\/2025\/02\/IMG_4329-002-scaled.jpg","type":"image\/jpeg"}],"twitter_card":"summary_large_image","twitter_misc":{"Tempo estimado de leitura":"1 minuto"},"schema":{"@context":"https:\/\/schema.org","@graph":[{"@type":"WebPage","@id":"https:\/\/point-f.ch\/pt-pt\/registrar-consulta-centro-medico-mulher-friburgo\/","url":"https:\/\/point-f.ch\/pt-pt\/registrar-consulta-centro-medico-mulher-friburgo\/","name":"Marcar uma consulta no Centro M\u00e9dico da Mulher em Friburgo","isPartOf":{"@id":"https:\/\/point-f.ch\/pt-pt\/#website"},"primaryImageOfPage":{"@id":"https:\/\/point-f.ch\/pt-pt\/registrar-consulta-centro-medico-mulher-friburgo\/#primaryimage"},"image":{"@id":"https:\/\/point-f.ch\/pt-pt\/registrar-consulta-centro-medico-mulher-friburgo\/#primaryimage"},"thumbnailUrl":"https:\/\/point-f.ch\/wp-content\/uploads\/2025\/02\/IMG_4329-002-scaled.jpg","datePublished":"2023-02-09T15:10:46+00:00","dateModified":"2025-12-04T08:03:13+00:00","description":"O Point F em Friburgo oferece um acompanhamento completo: ginecologia, obstetr\u00edcia, senologia, terapias complementares. Marque uma consulta!","breadcrumb":{"@id":"https:\/\/point-f.ch\/pt-pt\/registrar-consulta-centro-medico-mulher-friburgo\/#breadcrumb"},"inLanguage":"pt-PT","potentialAction":[{"@type":"ReadAction","target":["https:\/\/point-f.ch\/pt-pt\/registrar-consulta-centro-medico-mulher-friburgo\/"]}]},{"@type":"ImageObject","inLanguage":"pt-PT","@id":"https:\/\/point-f.ch\/pt-pt\/registrar-consulta-centro-medico-mulher-friburgo\/#primaryimage","url":"https:\/\/point-f.ch\/wp-content\/uploads\/2025\/02\/IMG_4329-002-scaled.jpg","contentUrl":"https:\/\/point-f.ch\/wp-content\/uploads\/2025\/02\/IMG_4329-002-scaled.jpg","width":1958,"height":2560,"caption":"Centre m\u00e9dical de la Femme \u00e0 Fribourg - point f"},{"@type":"BreadcrumbList","@id":"https:\/\/point-f.ch\/pt-pt\/registrar-consulta-centro-medico-mulher-friburgo\/#breadcrumb","itemListElement":[{"@type":"ListItem","position":1,"name":"In\u00edcio","item":"https:\/\/point-f.ch\/pt-pt\/"},{"@type":"ListItem","position":2,"name":"Registrar Consulta"}]},{"@type":"WebSite","@id":"https:\/\/point-f.ch\/pt-pt\/#website","url":"https:\/\/point-f.ch\/pt-pt\/","name":"Centre m\u00e9dical de la femme - point f - Fribourg","description":"Centre m\u00e9dical de la femme","publisher":{"@id":"https:\/\/point-f.ch\/pt-pt\/#organization"},"alternateName":"Centre m\u00e9dical de la femme - point f - Fribourg","potentialAction":[{"@type":"SearchAction","target":{"@type":"EntryPoint","urlTemplate":"https:\/\/point-f.ch\/pt-pt\/?s={search_term_string}"},"query-input":{"@type":"PropertyValueSpecification","valueRequired":true,"valueName":"search_term_string"}}],"inLanguage":"pt-PT"},{"@type":"Organization","@id":"https:\/\/point-f.ch\/pt-pt\/#organization","name":"Centre m\u00e9dical de la femme - point f - Fribourg","alternateName":"point f - Centre m\u00e9dical de la femme - Fribourg","url":"https:\/\/point-f.ch\/pt-pt\/","logo":{"@type":"ImageObject","inLanguage":"pt-PT","@id":"https:\/\/point-f.ch\/pt-pt\/#\/schema\/logo\/image\/","url":"https:\/\/point-f.ch\/wp-content\/uploads\/2023\/02\/favicon.png","contentUrl":"https:\/\/point-f.ch\/wp-content\/uploads\/2023\/02\/favicon.png","width":512,"height":512,"caption":"Centre m\u00e9dical de la femme - point f - Fribourg"},"image":{"@id":"https:\/\/point-f.ch\/pt-pt\/#\/schema\/logo\/image\/"},"sameAs":["https:\/\/www.facebook.com\/profile.php?id=100090476978041","https:\/\/www.instagram.com\/point_f_fribourg\/","https:\/\/www.linkedin.com\/company\/point-f-centre-m\u00e9dical-de-la-femme\/about\/?viewAsMember=true"]}]}},"uagb_featured_image_src":{"full":["https:\/\/point-f.ch\/wp-content\/uploads\/2025\/02\/IMG_4329-002-scaled.jpg",1958,2560,false],"thumbnail":["https:\/\/point-f.ch\/wp-content\/uploads\/2025\/02\/IMG_4329-002-150x150.jpg",150,150,true],"medium":["https:\/\/point-f.ch\/wp-content\/uploads\/2025\/02\/IMG_4329-002-229x300.jpg",229,300,true],"medium_large":["https:\/\/point-f.ch\/wp-content\/uploads\/2025\/02\/IMG_4329-002-768x1004.jpg",768,1004,true],"large":["https:\/\/point-f.ch\/wp-content\/uploads\/2025\/02\/IMG_4329-002-783x1024.jpg",783,1024,true],"1536x1536":["https:\/\/point-f.ch\/wp-content\/uploads\/2025\/02\/IMG_4329-002-1175x1536.jpg",1175,1536,true],"2048x2048":["https:\/\/point-f.ch\/wp-content\/uploads\/2025\/02\/IMG_4329-002-1566x2048.jpg",1566,2048,true]},"uagb_author_info":{"display_name":"Carole","author_link":"https:\/\/point-f.ch\/pt-pt\/author\/carolectouttoi-ch\/"},"uagb_comment_info":0,"uagb_excerpt":"Consulta Marcar consulta apenas por telefone | 026 552 55 00 ou no OneDoc Contactos Pedidos espec\u00edficos N\u00e3o hesite em contactar-nos para uma consulta, um aconselhamento ou um controlo. A nossa equipa est\u00e1 \u00e0 sua disposi\u00e7\u00e3o com empatia, confidencialidade e profissionalismo. Pode enviar-nos uma mensagem atrav\u00e9s do formul\u00e1rio de contacto, por exemplo, nos seguintes casos:&hellip;","_links":{"self":[{"href":"https:\/\/point-f.ch\/pt-pt\/wp-json\/wp\/v2\/pages\/6352","targetHints":{"allow":["GET"]}}],"collection":[{"href":"https:\/\/point-f.ch\/pt-pt\/wp-json\/wp\/v2\/pages"}],"about":[{"href":"https:\/\/point-f.ch\/pt-pt\/wp-json\/wp\/v2\/types\/page"}],"author":[{"embeddable":true,"href":"https:\/\/point-f.ch\/pt-pt\/wp-json\/wp\/v2\/users\/4"}],"replies":[{"embeddable":true,"href":"https:\/\/point-f.ch\/pt-pt\/wp-json\/wp\/v2\/comments?post=6352"}],"version-history":[{"count":1,"href":"https:\/\/point-f.ch\/pt-pt\/wp-json\/wp\/v2\/pages\/6352\/revisions"}],"predecessor-version":[{"id":6353,"href":"https:\/\/point-f.ch\/pt-pt\/wp-json\/wp\/v2\/pages\/6352\/revisions\/6353"}],"wp:featuredmedia":[{"embeddable":true,"href":"https:\/\/point-f.ch\/pt-pt\/wp-json\/wp\/v2\/media\/3401"}],"wp:attachment":[{"href":"https:\/\/point-f.ch\/pt-pt\/wp-json\/wp\/v2\/media?parent=6352"}],"curies":[{"name":"wp","href":"https:\/\/api.w.org\/{rel}","templated":true}]}}